{"id":1759,"date":"2025-05-15T08:24:07","date_gmt":"2025-05-15T06:24:07","guid":{"rendered":"https:\/\/www.germark.com\/?page_id=1759"},"modified":"2026-02-18T12:17:41","modified_gmt":"2026-02-18T11:17:41","slug":"subvencions","status":"publish","type":"page","link":"https:\/\/www.germark.com\/ca\/subvencions\/","title":{"rendered":"Subvencions"},"content":{"rendered":"\n<p>En compliment de l\u2019article 3 bis de la Llei 38\/2003, de 17 de novembre, General de Subvencions, i amb l\u2019objectiu de garantir la transpar\u00e8ncia en la gesti\u00f3 dels fons p\u00fablics, s\u2019informa que Germark S.A. ha estat benefici\u00e0ria de les seg\u00fcents subvencions:<\/p>\n\n\n\n<p>_<\/p>\n\n\n\n<p><strong>Programa Kit Digital<br><\/strong>T\u00edtol: Subvenci\u00f3 del Programa Kit Digital (Segment V)<\/p>\n\n\n\n<p>Organisme concedent: Red.es \u2013 Ministeri per a la Transformaci\u00f3 Digital i de la Funci\u00f3 P\u00fablica<\/p>\n\n\n\n<p>Data de concessi\u00f3: [27\/02\/2025]<\/p>\n\n\n\n<p>Finalitat: Implantaci\u00f3 de solucions digitals per millorar la competitivitat i la productivitat empresarial.<\/p>\n\n\n\n<p>_<\/p>\n\n\n\n<p><strong>Programa Kit Consulting<br><\/strong>T\u00edtol: Subvenci\u00f3 del Programa Kit Consulting<\/p>\n\n\n\n<p>Organisme concedent: Red.es \u2013 Ministeri per a la Transformaci\u00f3 Digital i de la Funci\u00f3 P\u00fablica<\/p>\n\n\n\n<p>Data de concessi\u00f3: [27\/03\/2025]<\/p>\n\n\n\n<p>Finalitat: Serveis d\u2019assessorament digital especialitzat per a pimes.<\/p>\n\n\n\n<p>_<\/p>\n\n\n\n<p><strong>Pla de Transformaci\u00f3 Digital Empresarial d\u2019Ind\u00fastria 4.0 de Germark<\/strong><br>IC4-070010-2023-20<\/p>\n\n\n\n<p>El projecte t\u00e9 com a objectiu dissenyar, desenvolupar i implantar una nova plataforma inform\u00e0tica ERP per a la gesti\u00f3 interna i el control de tots els fluxos de l\u2019empresa.<\/p>\n\n\n\n<p>El projecte ha rebut finan\u00e7ament del Ministeri d\u2019Ind\u00fastria, Comer\u00e7 i Turisme, dins del programa de suport financer a projectes d\u2019R+D+i en l\u2019\u00e0mbit de la Ind\u00fastria Connectada 4.0.<\/p>\n\n\n\n<p>_<\/p>\n\n\n\n<p><strong>Nova tecnologia de curat LED de baix consum<\/strong><\/p>\n\n\n\n<p>Projecte acollit a la l\u00ednia d\u2019ajudes d\u2019estalvi i efici\u00e8ncia energ\u00e8tica en PIME i gran empresa del sector industrial, cofinan\u00e7ada pel Fons Europeu de Desenvolupament Regional (FEDER), coordinada per IDAE i gestionada per les Comunitats Aut\u00f2nomes, amb c\u00e0rrec al Fons Nacional d\u2019Efici\u00e8ncia Energ\u00e8tica, amb l\u2019objectiu d\u2019aconseguir una economia m\u00e9s neta i sostenible.<\/p>\n\n\n\n<p>GERMARK, S.A. ha dut a terme un projecte d\u2019estalvi i efici\u00e8ncia energ\u00e8tica que ha perm\u00e8s optimitzar el consum energ\u00e8tic del sistema productiu mitjan\u00e7ant la substituci\u00f3 de les l\u00e0mpades de curat convencionals per una nova tecnologia de curat LED que presenta una efici\u00e8ncia energ\u00e8tica \u00f2ptima, amb un potencial d\u2019estalvi d\u2019energia final de 23,71 tep anuals.<br>Aquest projecte ha rebut una ajuda cofinan\u00e7ada pel Fons Europeu de Desenvolupament Regional (FEDER), coordinat per IDAE i gestionat per les Comunitats Aut\u00f2nomes, amb c\u00e0rrec al Fons Nacional d\u2019Efici\u00e8ncia Energ\u00e8tica, amb l\u2019objectiu d\u2019aconseguir una economia m\u00e9s neta i sostenible.<\/p>\n","protected":false},"excerpt":{"rendered":"<p>En compliment de l\u2019article 3 bis de la Llei 38\/2003, de 17 de novembre, General de Subvencions, i amb l\u2019objectiu de garantir la transpar\u00e8ncia en la gesti\u00f3 dels fons p\u00fablics, s\u2019informa que Germark S.A. ha estat benefici\u00e0ria de les seg\u00fcents subvencions: _ Programa Kit DigitalT\u00edtol: Subvenci\u00f3 del Programa Kit Digital (Segment V) Organisme concedent: Red.es&#8230;<\/p>\n","protected":false},"author":2,"featured_media":0,"parent":0,"menu_order":0,"comment_status":"closed","ping_status":"closed","template":"pages\/page-legal.php","meta":{"_acf_changed":false,"inline_featured_image":false,"footnotes":""},"class_list":["post-1759","page","type-page","status-publish","hentry"],"acf":[],"yoast_head":"<!-- This site is optimized with the Yoast SEO plugin v27.5 - https:\/\/yoast.com\/product\/yoast-seo-wordpress\/ -->\n<title>Subvencions - Germark<\/title>\n<meta name=\"robots\" content=\"index, follow, max-snippet:-1, max-image-preview:large, max-video-preview:-1\" \/>\n<link rel=\"canonical\" href=\"https:\/\/www.germark.com\/ca\/subvencions\/\" \/>\n<meta property=\"og:locale\" content=\"ca_ES\" \/>\n<meta property=\"og:type\" content=\"article\" \/>\n<meta property=\"og:title\" content=\"Subvencions - Germark\" \/>\n<meta property=\"og:description\" content=\"En compliment de l\u2019article 3 bis de la Llei 38\/2003, de 17 de novembre, General de Subvencions, i amb l\u2019objectiu de garantir la transpar\u00e8ncia en la gesti\u00f3 dels fons p\u00fablics, s\u2019informa que Germark S.A. ha estat benefici\u00e0ria de les seg\u00fcents subvencions: _ Programa Kit DigitalT\u00edtol: Subvenci\u00f3 del Programa Kit Digital (Segment V) Organisme concedent: Red.es...\" \/>\n<meta property=\"og:url\" content=\"https:\/\/www.germark.com\/ca\/subvencions\/\" \/>\n<meta property=\"og:site_name\" content=\"Germark\" \/>\n<meta property=\"article:modified_time\" content=\"2026-02-18T11:17:41+00:00\" \/>\n<meta name=\"twitter:card\" content=\"summary_large_image\" \/>\n<meta name=\"twitter:label1\" content=\"Temps estimat de lectura\" \/>\n\t<meta name=\"twitter:data1\" content=\"2 minuts\" \/>\n<script type=\"application\/ld+json\" class=\"yoast-schema-graph\">{\"@context\":\"https:\\\/\\\/schema.org\",\"@graph\":[{\"@type\":\"WebPage\",\"@id\":\"https:\\\/\\\/www.germark.com\\\/ca\\\/subvencions\\\/\",\"url\":\"https:\\\/\\\/www.germark.com\\\/ca\\\/subvencions\\\/\",\"name\":\"Subvencions - Germark\",\"isPartOf\":{\"@id\":\"https:\\\/\\\/www.germark.com\\\/ca\\\/#website\"},\"datePublished\":\"2025-05-15T06:24:07+00:00\",\"dateModified\":\"2026-02-18T11:17:41+00:00\",\"breadcrumb\":{\"@id\":\"https:\\\/\\\/www.germark.com\\\/ca\\\/subvencions\\\/#breadcrumb\"},\"inLanguage\":\"ca\",\"potentialAction\":[{\"@type\":\"ReadAction\",\"target\":[\"https:\\\/\\\/www.germark.com\\\/ca\\\/subvencions\\\/\"]}]},{\"@type\":\"BreadcrumbList\",\"@id\":\"https:\\\/\\\/www.germark.com\\\/ca\\\/subvencions\\\/#breadcrumb\",\"itemListElement\":[{\"@type\":\"ListItem\",\"position\":1,\"name\":\"Portada\",\"item\":\"https:\\\/\\\/www.germark.com\\\/ca\\\/\"},{\"@type\":\"ListItem\",\"position\":2,\"name\":\"Subvencions\"}]},{\"@type\":\"WebSite\",\"@id\":\"https:\\\/\\\/www.germark.com\\\/ca\\\/#website\",\"url\":\"https:\\\/\\\/www.germark.com\\\/ca\\\/\",\"name\":\"Germark\",\"description\":\"The art of labeling\",\"publisher\":{\"@id\":\"https:\\\/\\\/www.germark.com\\\/ca\\\/#organization\"},\"potentialAction\":[{\"@type\":\"SearchAction\",\"target\":{\"@type\":\"EntryPoint\",\"urlTemplate\":\"https:\\\/\\\/www.germark.com\\\/ca\\\/?s={search_term_string}\"},\"query-input\":{\"@type\":\"PropertyValueSpecification\",\"valueRequired\":true,\"valueName\":\"search_term_string\"}}],\"inLanguage\":\"ca\"},{\"@type\":\"Organization\",\"@id\":\"https:\\\/\\\/www.germark.com\\\/ca\\\/#organization\",\"name\":\"Germark\",\"url\":\"https:\\\/\\\/www.germark.com\\\/ca\\\/\",\"logo\":{\"@type\":\"ImageObject\",\"inLanguage\":\"ca\",\"@id\":\"https:\\\/\\\/www.germark.com\\\/ca\\\/#\\\/schema\\\/logo\\\/image\\\/\",\"url\":\"https:\\\/\\\/www.germark.com\\\/wp-content\\\/uploads\\\/2025\\\/01\\\/admin-logo.svg\",\"contentUrl\":\"https:\\\/\\\/www.germark.com\\\/wp-content\\\/uploads\\\/2025\\\/01\\\/admin-logo.svg\",\"width\":320,\"height\":84,\"caption\":\"Germark\"},\"image\":{\"@id\":\"https:\\\/\\\/www.germark.com\\\/ca\\\/#\\\/schema\\\/logo\\\/image\\\/\"},\"sameAs\":[\"https:\\\/\\\/www.instagram.com\\\/germark_labels\\\/\",\"https:\\\/\\\/es.linkedin.com\\\/company\\\/germark\",\"https:\\\/\\\/www.youtube.com\\\/c\\\/germark\"]}]}<\/script>\n<!-- \/ Yoast SEO plugin. -->","yoast_head_json":{"title":"Subvencions - Germark","robots":{"index":"index","follow":"follow","max-snippet":"max-snippet:-1","max-image-preview":"max-image-preview:large","max-video-preview":"max-video-preview:-1"},"canonical":"https:\/\/www.germark.com\/ca\/subvencions\/","og_locale":"ca_ES","og_type":"article","og_title":"Subvencions - Germark","og_description":"En compliment de l\u2019article 3 bis de la Llei 38\/2003, de 17 de novembre, General de Subvencions, i amb l\u2019objectiu de garantir la transpar\u00e8ncia en la gesti\u00f3 dels fons p\u00fablics, s\u2019informa que Germark S.A. ha estat benefici\u00e0ria de les seg\u00fcents subvencions: _ Programa Kit DigitalT\u00edtol: Subvenci\u00f3 del Programa Kit Digital (Segment V) Organisme concedent: Red.es...","og_url":"https:\/\/www.germark.com\/ca\/subvencions\/","og_site_name":"Germark","article_modified_time":"2026-02-18T11:17:41+00:00","twitter_card":"summary_large_image","twitter_misc":{"Temps estimat de lectura":"2 minuts"},"schema":{"@context":"https:\/\/schema.org","@graph":[{"@type":"WebPage","@id":"https:\/\/www.germark.com\/ca\/subvencions\/","url":"https:\/\/www.germark.com\/ca\/subvencions\/","name":"Subvencions - Germark","isPartOf":{"@id":"https:\/\/www.germark.com\/ca\/#website"},"datePublished":"2025-05-15T06:24:07+00:00","dateModified":"2026-02-18T11:17:41+00:00","breadcrumb":{"@id":"https:\/\/www.germark.com\/ca\/subvencions\/#breadcrumb"},"inLanguage":"ca","potentialAction":[{"@type":"ReadAction","target":["https:\/\/www.germark.com\/ca\/subvencions\/"]}]},{"@type":"BreadcrumbList","@id":"https:\/\/www.germark.com\/ca\/subvencions\/#breadcrumb","itemListElement":[{"@type":"ListItem","position":1,"name":"Portada","item":"https:\/\/www.germark.com\/ca\/"},{"@type":"ListItem","position":2,"name":"Subvencions"}]},{"@type":"WebSite","@id":"https:\/\/www.germark.com\/ca\/#website","url":"https:\/\/www.germark.com\/ca\/","name":"Germark","description":"The art of labeling","publisher":{"@id":"https:\/\/www.germark.com\/ca\/#organization"},"potentialAction":[{"@type":"SearchAction","target":{"@type":"EntryPoint","urlTemplate":"https:\/\/www.germark.com\/ca\/?s={search_term_string}"},"query-input":{"@type":"PropertyValueSpecification","valueRequired":true,"valueName":"search_term_string"}}],"inLanguage":"ca"},{"@type":"Organization","@id":"https:\/\/www.germark.com\/ca\/#organization","name":"Germark","url":"https:\/\/www.germark.com\/ca\/","logo":{"@type":"ImageObject","inLanguage":"ca","@id":"https:\/\/www.germark.com\/ca\/#\/schema\/logo\/image\/","url":"https:\/\/www.germark.com\/wp-content\/uploads\/2025\/01\/admin-logo.svg","contentUrl":"https:\/\/www.germark.com\/wp-content\/uploads\/2025\/01\/admin-logo.svg","width":320,"height":84,"caption":"Germark"},"image":{"@id":"https:\/\/www.germark.com\/ca\/#\/schema\/logo\/image\/"},"sameAs":["https:\/\/www.instagram.com\/germark_labels\/","https:\/\/es.linkedin.com\/company\/germark","https:\/\/www.youtube.com\/c\/germark"]}]}},"_links":{"self":[{"href":"https:\/\/www.germark.com\/ca\/wp-json\/wp\/v2\/pages\/1759","targetHints":{"allow":["GET"]}}],"collection":[{"href":"https:\/\/www.germark.com\/ca\/wp-json\/wp\/v2\/pages"}],"about":[{"href":"https:\/\/www.germark.com\/ca\/wp-json\/wp\/v2\/types\/page"}],"author":[{"embeddable":true,"href":"https:\/\/www.germark.com\/ca\/wp-json\/wp\/v2\/users\/2"}],"replies":[{"embeddable":true,"href":"https:\/\/www.germark.com\/ca\/wp-json\/wp\/v2\/comments?post=1759"}],"version-history":[{"count":6,"href":"https:\/\/www.germark.com\/ca\/wp-json\/wp\/v2\/pages\/1759\/revisions"}],"predecessor-version":[{"id":1990,"href":"https:\/\/www.germark.com\/ca\/wp-json\/wp\/v2\/pages\/1759\/revisions\/1990"}],"wp:attachment":[{"href":"https:\/\/www.germark.com\/ca\/wp-json\/wp\/v2\/media?parent=1759"}],"curies":[{"name":"wp","href":"https:\/\/api.w.org\/{rel}","templated":true}]}}