{"id":1219,"date":"2025-03-06T17:49:54","date_gmt":"2025-03-06T16:49:54","guid":{"rendered":"https:\/\/www.germark.com\/aviso-legal\/"},"modified":"2025-04-09T08:49:16","modified_gmt":"2025-04-09T06:49:16","slug":"avis-legal","status":"publish","type":"page","link":"https:\/\/www.germark.com\/ca\/avis-legal\/","title":{"rendered":"Av\u00eds legal"},"content":{"rendered":"\n<p><strong>DADES IDENTIFICATIVES<\/strong><\/p>\n\n\n\n<p>El titular d&#8217;aquest lloc web \u00e9s GERMARK, S.A., amb domicili a Avda. de la Fama, 50 -08940 \u2013 Cornell\u00e0 de Llobregat (BARCELONA), i N.I.F. A-08461956. Inscrita al Registre Mercantil de Barcelona al Tom 3431, Full 218 Fulla 36305, Llibre d&#8217;Arxiu 2789, Secci\u00f3 2\u00aa de Societats.<br>Correu electr\u00f2nic de contacte: <a>infogk@germark.com<\/a><\/p>\n\n\n\n<p><strong>CONDICIONS GENERALS D&#8217;\u00daS<\/strong><\/p>\n\n\n\n<p><strong>Introducci\u00f3:<\/strong><br>L&#8217;acc\u00e9s a aquest lloc web est\u00e0 condicionat a la pr\u00e8via lectura i acceptaci\u00f3 per part de l&#8217;Usuari dels termes, condicions, comunicacions, advert\u00e8ncies i altres avisos legals continguts en aquest document. Tota persona que accedeixi o utilitzi aquest lloc web tindr\u00e0 la consideraci\u00f3 d&#8217;Usuari. La condici\u00f3 d&#8217;Usuari implica l&#8217;acceptaci\u00f3 de forma expressa, plena i sense reserves, d&#8217;aquestes Condicions Generals.<br>Si l&#8217;Usuari no est\u00e0 d&#8217;acord amb el contingut de les presents Condicions Generals d&#8217;\u00fas haur\u00e0 d&#8217;abandonar aquest lloc web, no podent accedir ni disposar dels serveis que ofereix. Igualment, accepta de forma expressa i sense excepcions que l&#8217;acc\u00e9s i la utilitzaci\u00f3 del present lloc web, dels seus serveis i dels continguts d&#8217;aquests serveis tenen lloc sota la seva \u00fanica i exclusiva responsabilitat.<br>L&#8217;acc\u00e9s a aquest lloc web \u00e9s gratu\u00eft i la seva visualitzaci\u00f3 no requereix cap subscripci\u00f3 o registre pr\u00e8vi.<br>GERMARK podr\u00e0 modificar de manera unilateral, en qualsevol moment que consideri oport\u00fa, la configuraci\u00f3 del present lloc web, les condicions del servei i el seu contingut, aix\u00ed com eliminar-los, limitar-los o suspendre&#8217;ls de manera temporal o definitiva, aix\u00ed com impedir-ne l&#8217;acc\u00e9s.<\/p>\n\n\n\n<p><strong>\u00das correcte del lloc web:<\/strong><br>L&#8217;Usuari s&#8217;obliga a utilitzar el lloc web o els serveis que es prestin a trav\u00e9s d&#8217;ell amb fins o efectes l\u00edcits, comprometent-se a no danyar, inutilitzar o deteriorar el lloc web o els seus serveis, ni impedir un normal gaudi del lloc web per altres Usuaris. L&#8217;Usuari garanteix que les activitats que desenvolupi en cap cas seran ofensives per al bon nom i imatge comercial de GERMARK o per a altres Usuaris del lloc web o tercers.<br>Aix\u00ed mateix, l&#8217;Usuari es compromet expressament a no destruir, alterar, inutilitzar o, de qualsevol altra forma, danyar les dades, programes o documents electr\u00f2nics i altres que es trobin en aquest lloc web.<br>L&#8217;Usuari es compromet a no introduir programes, virus, macros, applets, controls ActiveX o qualsevol altre dispositiu que causin o siguin susceptibles de causar qualsevol tipus d&#8217;alteraci\u00f3 en els sistemes inform\u00e0tics del titular del lloc web o de tercers.<\/p>\n\n\n\n<p><strong>Propietat intel\u00b7lectual i industrial:<\/strong><br>GERMARK \u00e9s titular de tots els drets de Propietat Intel\u00b7lectual i Industrial dels seus llocs web, aix\u00ed com dels elements continguts en ell (a t\u00edtol enunciatiu, imatges, so, \u00e0udio, v\u00eddeo, programari o textos; marques o logotips, combinacions de colors, estructura i disseny, selecci\u00f3 de materials utilitzats, acc\u00e9s i \u00fas, etc.). L&#8217;Usuari es compromet a respectar els drets de Propietat Intel\u00b7lectual i Industrial titularitat de GERMARK. Podr\u00e0 visualitzar els elements dels diferents llocs web i fins i tot imprimir-los, copiar-los i emmagatzemar-los en el disc dur del seu ordinador o en qualsevol altre suport f\u00edsic sempre que sigui, \u00fanicament i exclusivament, per al seu \u00fas personal i privat, quedant, per tant, terminantment prohibida la transformaci\u00f3, distribuci\u00f3, comunicaci\u00f3 p\u00fablica, posada a disposici\u00f3 o qualsevol altra forma d&#8217;explotaci\u00f3, aix\u00ed com la seva modificaci\u00f3, alteraci\u00f3 o descompilaci\u00f3. L&#8217;Usuari haur\u00e0 d&#8217;abstenir-se de suprimir, alterar, eludir o manipular qualsevol dispositiu de protecci\u00f3 o sistema de seguretat que estigu\u00e9s instal\u00b7lat a les p\u00e0gines de GERMARK.<\/p>\n\n\n\n<p><strong>Exclusi\u00f3 de garanties i de responsabilitat pel funcionament del lloc web i dels seus serveis:<\/strong><br>GERMARK no es fa responsable, en cap cas, dels danys i perjudicis de qualsevol naturalesa que poguessin ocasionar, a t\u00edtol enunciatiu: errors o omissions en els continguts, falta de disponibilitat del portal, la correcta visualitzaci\u00f3, o la transmissi\u00f3 de virus o programes maliciosos o lesius en els continguts, malgrat haver adoptat totes les mesures tecnol\u00f2giques necess\u00e0ries per evitar-ho.<br>GERMARK es reserva el dret de fer, sense previ av\u00eds, les modificacions que consideri oportunes als seus llocs web, podent canviar, suprimir o afegir tant els continguts i serveis que es prestin a trav\u00e9s d&#8217;ell com la forma en qu\u00e8 aquests apareguin presentats o localitzats als seus llocs web.<\/p>\n\n\n\n<p><strong>Enlla\u00e7os:<\/strong><br>En el sup\u00f2sit que aquest lloc web pogu\u00e9s contenir vincles o enlla\u00e7os amb altres portals o llocs web no gestionats per GERMARK, aquesta societat manifesta que no exerceix cap control sobre aquests llocs ni \u00e9s responsable del contingut dels mateixos. Els enlla\u00e7os que aquest lloc web pogu\u00e9s contenir s&#8217;oferiran, \u00fanicament, a mode de refer\u00e8ncies informatives, sense cap tipus de valoraci\u00f3 sobre els continguts, propietaris, serveis o productes oferts des dels mateixos. En tot cas, GERMARK s&#8217;exonera de tota responsabilitat pel que fa als serveis prestats per aquests tercers davant qualsevol reclamaci\u00f3 de qualsevol naturalesa i demandes que poguessin interposar-se en relaci\u00f3 amb els mateixos.<\/p>\n\n\n\n<p><strong>Legislaci\u00f3 aplicable:<\/strong><br>La relaci\u00f3 entre GERMARK i l&#8217;Usuari es regir\u00e0 per la llei espanyola. Per a la resoluci\u00f3 de qualsevol discrep\u00e0ncia que pogu\u00e9s sorgir entre GERMARK i l&#8217;Usuari, amb expressa ren\u00fancia a qualsevol altre f\u00f2rum que els pogu\u00e9s correspondre, ambd\u00f3s es sotmeten a la jurisdicci\u00f3 dels Jutjats i Tribunals de la ciutat de Barcelona.<\/p>\n","protected":false},"excerpt":{"rendered":"<p>DADES IDENTIFICATIVES El titular d&#8217;aquest lloc web \u00e9s GERMARK, S.A., amb domicili a Avda. de la Fama, 50 -08940 \u2013 Cornell\u00e0 de Llobregat (BARCELONA), i N.I.F. A-08461956. Inscrita al Registre Mercantil de Barcelona al Tom 3431, Full 218 Fulla 36305, Llibre d&#8217;Arxiu 2789, Secci\u00f3 2\u00aa de Societats.Correu electr\u00f2nic de contacte: infogk@germark.com CONDICIONS GENERALS D&#8217;\u00daS Introducci\u00f3:L&#8217;acc\u00e9s&#8230;<\/p>\n","protected":false},"author":3,"featured_media":0,"parent":0,"menu_order":0,"comment_status":"closed","ping_status":"closed","template":"pages\/page-legal.php","meta":{"_acf_changed":false,"inline_featured_image":false,"footnotes":""},"class_list":["post-1219","page","type-page","status-publish","hentry"],"acf":[],"yoast_head":"<!-- This site is optimized with the Yoast SEO plugin v27.4 - https:\/\/yoast.com\/product\/yoast-seo-wordpress\/ -->\n<title>Av\u00eds legal - Germark<\/title>\n<meta name=\"robots\" content=\"index, follow, max-snippet:-1, max-image-preview:large, max-video-preview:-1\" \/>\n<link rel=\"canonical\" href=\"https:\/\/www.germark.com\/ca\/avis-legal\/\" \/>\n<meta property=\"og:locale\" content=\"ca_ES\" \/>\n<meta property=\"og:type\" content=\"article\" \/>\n<meta property=\"og:title\" content=\"Av\u00eds legal - Germark\" \/>\n<meta property=\"og:description\" content=\"DADES IDENTIFICATIVES El titular d&#8217;aquest lloc web \u00e9s GERMARK, S.A., amb domicili a Avda. de la Fama, 50 -08940 \u2013 Cornell\u00e0 de Llobregat (BARCELONA), i N.I.F. A-08461956. Inscrita al Registre Mercantil de Barcelona al Tom 3431, Full 218 Fulla 36305, Llibre d&#8217;Arxiu 2789, Secci\u00f3 2\u00aa de Societats.Correu electr\u00f2nic de contacte: infogk@germark.com CONDICIONS GENERALS D&#8217;\u00daS Introducci\u00f3:L&#8217;acc\u00e9s...\" \/>\n<meta property=\"og:url\" content=\"https:\/\/www.germark.com\/ca\/avis-legal\/\" \/>\n<meta property=\"og:site_name\" content=\"Germark\" \/>\n<meta property=\"article:modified_time\" content=\"2025-04-09T06:49:16+00:00\" \/>\n<meta name=\"twitter:card\" content=\"summary_large_image\" \/>\n<meta name=\"twitter:label1\" content=\"Temps estimat de lectura\" \/>\n\t<meta name=\"twitter:data1\" content=\"4 minuts\" \/>\n<script type=\"application\/ld+json\" class=\"yoast-schema-graph\">{\"@context\":\"https:\\\/\\\/schema.org\",\"@graph\":[{\"@type\":\"WebPage\",\"@id\":\"https:\\\/\\\/www.germark.com\\\/ca\\\/avis-legal\\\/\",\"url\":\"https:\\\/\\\/www.germark.com\\\/ca\\\/avis-legal\\\/\",\"name\":\"Av\u00eds legal - Germark\",\"isPartOf\":{\"@id\":\"https:\\\/\\\/www.germark.com\\\/ca\\\/#website\"},\"datePublished\":\"2025-03-06T16:49:54+00:00\",\"dateModified\":\"2025-04-09T06:49:16+00:00\",\"breadcrumb\":{\"@id\":\"https:\\\/\\\/www.germark.com\\\/ca\\\/avis-legal\\\/#breadcrumb\"},\"inLanguage\":\"ca\",\"potentialAction\":[{\"@type\":\"ReadAction\",\"target\":[\"https:\\\/\\\/www.germark.com\\\/ca\\\/avis-legal\\\/\"]}]},{\"@type\":\"BreadcrumbList\",\"@id\":\"https:\\\/\\\/www.germark.com\\\/ca\\\/avis-legal\\\/#breadcrumb\",\"itemListElement\":[{\"@type\":\"ListItem\",\"position\":1,\"name\":\"Portada\",\"item\":\"https:\\\/\\\/www.germark.com\\\/ca\\\/\"},{\"@type\":\"ListItem\",\"position\":2,\"name\":\"Av\u00eds legal\"}]},{\"@type\":\"WebSite\",\"@id\":\"https:\\\/\\\/www.germark.com\\\/ca\\\/#website\",\"url\":\"https:\\\/\\\/www.germark.com\\\/ca\\\/\",\"name\":\"Germark\",\"description\":\"The art of labeling\",\"publisher\":{\"@id\":\"https:\\\/\\\/www.germark.com\\\/ca\\\/#organization\"},\"potentialAction\":[{\"@type\":\"SearchAction\",\"target\":{\"@type\":\"EntryPoint\",\"urlTemplate\":\"https:\\\/\\\/www.germark.com\\\/ca\\\/?s={search_term_string}\"},\"query-input\":{\"@type\":\"PropertyValueSpecification\",\"valueRequired\":true,\"valueName\":\"search_term_string\"}}],\"inLanguage\":\"ca\"},{\"@type\":\"Organization\",\"@id\":\"https:\\\/\\\/www.germark.com\\\/ca\\\/#organization\",\"name\":\"Germark\",\"url\":\"https:\\\/\\\/www.germark.com\\\/ca\\\/\",\"logo\":{\"@type\":\"ImageObject\",\"inLanguage\":\"ca\",\"@id\":\"https:\\\/\\\/www.germark.com\\\/ca\\\/#\\\/schema\\\/logo\\\/image\\\/\",\"url\":\"https:\\\/\\\/www.germark.com\\\/wp-content\\\/uploads\\\/2025\\\/01\\\/admin-logo.svg\",\"contentUrl\":\"https:\\\/\\\/www.germark.com\\\/wp-content\\\/uploads\\\/2025\\\/01\\\/admin-logo.svg\",\"width\":320,\"height\":84,\"caption\":\"Germark\"},\"image\":{\"@id\":\"https:\\\/\\\/www.germark.com\\\/ca\\\/#\\\/schema\\\/logo\\\/image\\\/\"},\"sameAs\":[\"https:\\\/\\\/www.instagram.com\\\/germark_labels\\\/\",\"https:\\\/\\\/es.linkedin.com\\\/company\\\/germark\",\"https:\\\/\\\/www.youtube.com\\\/c\\\/germark\"]}]}<\/script>\n<!-- \/ Yoast SEO plugin. -->","yoast_head_json":{"title":"Av\u00eds legal - Germark","robots":{"index":"index","follow":"follow","max-snippet":"max-snippet:-1","max-image-preview":"max-image-preview:large","max-video-preview":"max-video-preview:-1"},"canonical":"https:\/\/www.germark.com\/ca\/avis-legal\/","og_locale":"ca_ES","og_type":"article","og_title":"Av\u00eds legal - Germark","og_description":"DADES IDENTIFICATIVES El titular d&#8217;aquest lloc web \u00e9s GERMARK, S.A., amb domicili a Avda. de la Fama, 50 -08940 \u2013 Cornell\u00e0 de Llobregat (BARCELONA), i N.I.F. A-08461956. Inscrita al Registre Mercantil de Barcelona al Tom 3431, Full 218 Fulla 36305, Llibre d&#8217;Arxiu 2789, Secci\u00f3 2\u00aa de Societats.Correu electr\u00f2nic de contacte: infogk@germark.com CONDICIONS GENERALS D&#8217;\u00daS Introducci\u00f3:L&#8217;acc\u00e9s...","og_url":"https:\/\/www.germark.com\/ca\/avis-legal\/","og_site_name":"Germark","article_modified_time":"2025-04-09T06:49:16+00:00","twitter_card":"summary_large_image","twitter_misc":{"Temps estimat de lectura":"4 minuts"},"schema":{"@context":"https:\/\/schema.org","@graph":[{"@type":"WebPage","@id":"https:\/\/www.germark.com\/ca\/avis-legal\/","url":"https:\/\/www.germark.com\/ca\/avis-legal\/","name":"Av\u00eds legal - Germark","isPartOf":{"@id":"https:\/\/www.germark.com\/ca\/#website"},"datePublished":"2025-03-06T16:49:54+00:00","dateModified":"2025-04-09T06:49:16+00:00","breadcrumb":{"@id":"https:\/\/www.germark.com\/ca\/avis-legal\/#breadcrumb"},"inLanguage":"ca","potentialAction":[{"@type":"ReadAction","target":["https:\/\/www.germark.com\/ca\/avis-legal\/"]}]},{"@type":"BreadcrumbList","@id":"https:\/\/www.germark.com\/ca\/avis-legal\/#breadcrumb","itemListElement":[{"@type":"ListItem","position":1,"name":"Portada","item":"https:\/\/www.germark.com\/ca\/"},{"@type":"ListItem","position":2,"name":"Av\u00eds legal"}]},{"@type":"WebSite","@id":"https:\/\/www.germark.com\/ca\/#website","url":"https:\/\/www.germark.com\/ca\/","name":"Germark","description":"The art of labeling","publisher":{"@id":"https:\/\/www.germark.com\/ca\/#organization"},"potentialAction":[{"@type":"SearchAction","target":{"@type":"EntryPoint","urlTemplate":"https:\/\/www.germark.com\/ca\/?s={search_term_string}"},"query-input":{"@type":"PropertyValueSpecification","valueRequired":true,"valueName":"search_term_string"}}],"inLanguage":"ca"},{"@type":"Organization","@id":"https:\/\/www.germark.com\/ca\/#organization","name":"Germark","url":"https:\/\/www.germark.com\/ca\/","logo":{"@type":"ImageObject","inLanguage":"ca","@id":"https:\/\/www.germark.com\/ca\/#\/schema\/logo\/image\/","url":"https:\/\/www.germark.com\/wp-content\/uploads\/2025\/01\/admin-logo.svg","contentUrl":"https:\/\/www.germark.com\/wp-content\/uploads\/2025\/01\/admin-logo.svg","width":320,"height":84,"caption":"Germark"},"image":{"@id":"https:\/\/www.germark.com\/ca\/#\/schema\/logo\/image\/"},"sameAs":["https:\/\/www.instagram.com\/germark_labels\/","https:\/\/es.linkedin.com\/company\/germark","https:\/\/www.youtube.com\/c\/germark"]}]}},"_links":{"self":[{"href":"https:\/\/www.germark.com\/ca\/wp-json\/wp\/v2\/pages\/1219","targetHints":{"allow":["GET"]}}],"collection":[{"href":"https:\/\/www.germark.com\/ca\/wp-json\/wp\/v2\/pages"}],"about":[{"href":"https:\/\/www.germark.com\/ca\/wp-json\/wp\/v2\/types\/page"}],"author":[{"embeddable":true,"href":"https:\/\/www.germark.com\/ca\/wp-json\/wp\/v2\/users\/3"}],"replies":[{"embeddable":true,"href":"https:\/\/www.germark.com\/ca\/wp-json\/wp\/v2\/comments?post=1219"}],"version-history":[{"count":3,"href":"https:\/\/www.germark.com\/ca\/wp-json\/wp\/v2\/pages\/1219\/revisions"}],"predecessor-version":[{"id":1544,"href":"https:\/\/www.germark.com\/ca\/wp-json\/wp\/v2\/pages\/1219\/revisions\/1544"}],"wp:attachment":[{"href":"https:\/\/www.germark.com\/ca\/wp-json\/wp\/v2\/media?parent=1219"}],"curies":[{"name":"wp","href":"https:\/\/api.w.org\/{rel}","templated":true}]}}