{"id":1132,"date":"2025-01-27T18:32:32","date_gmt":"2025-01-27T17:32:32","guid":{"rendered":"https:\/\/www.germark.com\/sistemes\/etiquetadoras-rotativas\/"},"modified":"2025-03-20T10:12:12","modified_gmt":"2025-03-20T09:12:12","slug":"etiquetadores-rotatives","status":"publish","type":"page","link":"https:\/\/www.germark.com\/ca\/sistemes\/etiquetadores-rotatives\/","title":{"rendered":"Etiquetadores rotatives"},"content":{"rendered":"\n<p>Les etiquetadores rotatives s\u00f3n equips dissenyats per aplicar etiquetes amb alta precisi\u00f3 en productes cil\u00edndrics. El seu sistema d&#8217;estrella rotativa permet subjectar i girar els envasos durant el proc\u00e9s, assegurant un etiquetatge uniforme i exacte.<\/p>\n\n\n\n<p>A Germark, aquestes m\u00e0quines incorporen avan\u00e7ades tecnologies de visi\u00f3, que permeten un control exhaustiu de l&#8217;etiquetatge, assegurant una correcta alineaci\u00f3 i detecci\u00f3 de possibles errors en temps real. Aix\u00f2 garanteix un proc\u00e9s m\u00e9s eficient i un acabat d&#8217;alta qualitat en cada producte.<\/p>\n\n\n\n<p>Si busques un etiquetatge prec\u00eds i fiable, les nostres solucions estan dissenyades per complir amb els m\u00e9s alts est\u00e0ndards.<\/p>\n","protected":false},"excerpt":{"rendered":"<p>Les etiquetadores rotatives s\u00f3n equips dissenyats per aplicar etiquetes amb alta precisi\u00f3 en productes cil\u00edndrics. El seu sistema d&#8217;estrella rotativa permet subjectar i girar els envasos durant el proc\u00e9s, assegurant un etiquetatge uniforme i exacte. A Germark, aquestes m\u00e0quines incorporen avan\u00e7ades tecnologies de visi\u00f3, que permeten un control exhaustiu de l&#8217;etiquetatge, assegurant una correcta alineaci\u00f3&#8230;<\/p>\n","protected":false},"author":3,"featured_media":1434,"parent":1016,"menu_order":0,"comment_status":"closed","ping_status":"closed","template":"pages\/page-sistema.php","meta":{"_acf_changed":false,"inline_featured_image":false,"footnotes":""},"class_list":["post-1132","page","type-page","status-publish","has-post-thumbnail","hentry"],"acf":[],"yoast_head":"<!-- This site is optimized with the Yoast SEO plugin v27.5 - https:\/\/yoast.com\/product\/yoast-seo-wordpress\/ -->\n<title>Etiquetadores rotatives - Germark<\/title>\n<meta name=\"robots\" content=\"index, follow, max-snippet:-1, max-image-preview:large, max-video-preview:-1\" \/>\n<link rel=\"canonical\" href=\"https:\/\/www.germark.com\/ca\/sistemes\/etiquetadores-rotatives\/\" \/>\n<meta property=\"og:locale\" content=\"ca_ES\" \/>\n<meta property=\"og:type\" content=\"article\" \/>\n<meta property=\"og:title\" content=\"Etiquetadores rotatives - Germark\" \/>\n<meta property=\"og:description\" content=\"Les etiquetadores rotatives s\u00f3n equips dissenyats per aplicar etiquetes amb alta precisi\u00f3 en productes cil\u00edndrics. El seu sistema d&#8217;estrella rotativa permet subjectar i girar els envasos durant el proc\u00e9s, assegurant un etiquetatge uniforme i exacte. A Germark, aquestes m\u00e0quines incorporen avan\u00e7ades tecnologies de visi\u00f3, que permeten un control exhaustiu de l&#8217;etiquetatge, assegurant una correcta alineaci\u00f3...\" \/>\n<meta property=\"og:url\" content=\"https:\/\/www.germark.com\/ca\/sistemes\/etiquetadores-rotatives\/\" \/>\n<meta property=\"og:site_name\" content=\"Germark\" \/>\n<meta property=\"article:modified_time\" content=\"2025-03-20T09:12:12+00:00\" \/>\n<meta property=\"og:image\" content=\"https:\/\/www.germark.com\/wp-content\/uploads\/2025\/01\/5-1.png\" \/>\n\t<meta property=\"og:image:width\" content=\"1600\" \/>\n\t<meta property=\"og:image:height\" content=\"900\" \/>\n\t<meta property=\"og:image:type\" content=\"image\/png\" \/>\n<meta name=\"twitter:card\" content=\"summary_large_image\" \/>\n<meta name=\"twitter:label1\" content=\"Temps estimat de lectura\" \/>\n\t<meta name=\"twitter:data1\" content=\"1 minut\" \/>\n<script type=\"application\/ld+json\" class=\"yoast-schema-graph\">{\"@context\":\"https:\\\/\\\/schema.org\",\"@graph\":[{\"@type\":\"WebPage\",\"@id\":\"https:\\\/\\\/www.germark.com\\\/ca\\\/sistemes\\\/etiquetadores-rotatives\\\/\",\"url\":\"https:\\\/\\\/www.germark.com\\\/ca\\\/sistemes\\\/etiquetadores-rotatives\\\/\",\"name\":\"Etiquetadores rotatives - Germark\",\"isPartOf\":{\"@id\":\"https:\\\/\\\/www.germark.com\\\/ca\\\/#website\"},\"primaryImageOfPage\":{\"@id\":\"https:\\\/\\\/www.germark.com\\\/ca\\\/sistemes\\\/etiquetadores-rotatives\\\/#primaryimage\"},\"image\":{\"@id\":\"https:\\\/\\\/www.germark.com\\\/ca\\\/sistemes\\\/etiquetadores-rotatives\\\/#primaryimage\"},\"thumbnailUrl\":\"https:\\\/\\\/www.germark.com\\\/wp-content\\\/uploads\\\/2025\\\/01\\\/5-1.png\",\"datePublished\":\"2025-01-27T17:32:32+00:00\",\"dateModified\":\"2025-03-20T09:12:12+00:00\",\"breadcrumb\":{\"@id\":\"https:\\\/\\\/www.germark.com\\\/ca\\\/sistemes\\\/etiquetadores-rotatives\\\/#breadcrumb\"},\"inLanguage\":\"ca\",\"potentialAction\":[{\"@type\":\"ReadAction\",\"target\":[\"https:\\\/\\\/www.germark.com\\\/ca\\\/sistemes\\\/etiquetadores-rotatives\\\/\"]}]},{\"@type\":\"ImageObject\",\"inLanguage\":\"ca\",\"@id\":\"https:\\\/\\\/www.germark.com\\\/ca\\\/sistemes\\\/etiquetadores-rotatives\\\/#primaryimage\",\"url\":\"https:\\\/\\\/www.germark.com\\\/wp-content\\\/uploads\\\/2025\\\/01\\\/5-1.png\",\"contentUrl\":\"https:\\\/\\\/www.germark.com\\\/wp-content\\\/uploads\\\/2025\\\/01\\\/5-1.png\",\"width\":1600,\"height\":900},{\"@type\":\"BreadcrumbList\",\"@id\":\"https:\\\/\\\/www.germark.com\\\/ca\\\/sistemes\\\/etiquetadores-rotatives\\\/#breadcrumb\",\"itemListElement\":[{\"@type\":\"ListItem\",\"position\":1,\"name\":\"Portada\",\"item\":\"https:\\\/\\\/www.germark.com\\\/ca\\\/\"},{\"@type\":\"ListItem\",\"position\":2,\"name\":\"Sistemes\",\"item\":\"https:\\\/\\\/www.germark.com\\\/ca\\\/sistemes\\\/\"},{\"@type\":\"ListItem\",\"position\":3,\"name\":\"Etiquetadores rotatives\"}]},{\"@type\":\"WebSite\",\"@id\":\"https:\\\/\\\/www.germark.com\\\/ca\\\/#website\",\"url\":\"https:\\\/\\\/www.germark.com\\\/ca\\\/\",\"name\":\"Germark\",\"description\":\"The art of labeling\",\"publisher\":{\"@id\":\"https:\\\/\\\/www.germark.com\\\/ca\\\/#organization\"},\"potentialAction\":[{\"@type\":\"SearchAction\",\"target\":{\"@type\":\"EntryPoint\",\"urlTemplate\":\"https:\\\/\\\/www.germark.com\\\/ca\\\/?s={search_term_string}\"},\"query-input\":{\"@type\":\"PropertyValueSpecification\",\"valueRequired\":true,\"valueName\":\"search_term_string\"}}],\"inLanguage\":\"ca\"},{\"@type\":\"Organization\",\"@id\":\"https:\\\/\\\/www.germark.com\\\/ca\\\/#organization\",\"name\":\"Germark\",\"url\":\"https:\\\/\\\/www.germark.com\\\/ca\\\/\",\"logo\":{\"@type\":\"ImageObject\",\"inLanguage\":\"ca\",\"@id\":\"https:\\\/\\\/www.germark.com\\\/ca\\\/#\\\/schema\\\/logo\\\/image\\\/\",\"url\":\"https:\\\/\\\/www.germark.com\\\/wp-content\\\/uploads\\\/2025\\\/01\\\/admin-logo.svg\",\"contentUrl\":\"https:\\\/\\\/www.germark.com\\\/wp-content\\\/uploads\\\/2025\\\/01\\\/admin-logo.svg\",\"width\":320,\"height\":84,\"caption\":\"Germark\"},\"image\":{\"@id\":\"https:\\\/\\\/www.germark.com\\\/ca\\\/#\\\/schema\\\/logo\\\/image\\\/\"},\"sameAs\":[\"https:\\\/\\\/www.instagram.com\\\/germark_labels\\\/\",\"https:\\\/\\\/es.linkedin.com\\\/company\\\/germark\",\"https:\\\/\\\/www.youtube.com\\\/c\\\/germark\"]}]}<\/script>\n<!-- \/ Yoast SEO plugin. -->","yoast_head_json":{"title":"Etiquetadores rotatives - Germark","robots":{"index":"index","follow":"follow","max-snippet":"max-snippet:-1","max-image-preview":"max-image-preview:large","max-video-preview":"max-video-preview:-1"},"canonical":"https:\/\/www.germark.com\/ca\/sistemes\/etiquetadores-rotatives\/","og_locale":"ca_ES","og_type":"article","og_title":"Etiquetadores rotatives - Germark","og_description":"Les etiquetadores rotatives s\u00f3n equips dissenyats per aplicar etiquetes amb alta precisi\u00f3 en productes cil\u00edndrics. El seu sistema d&#8217;estrella rotativa permet subjectar i girar els envasos durant el proc\u00e9s, assegurant un etiquetatge uniforme i exacte. A Germark, aquestes m\u00e0quines incorporen avan\u00e7ades tecnologies de visi\u00f3, que permeten un control exhaustiu de l&#8217;etiquetatge, assegurant una correcta alineaci\u00f3...","og_url":"https:\/\/www.germark.com\/ca\/sistemes\/etiquetadores-rotatives\/","og_site_name":"Germark","article_modified_time":"2025-03-20T09:12:12+00:00","og_image":[{"width":1600,"height":900,"url":"https:\/\/www.germark.com\/wp-content\/uploads\/2025\/01\/5-1.png","type":"image\/png"}],"twitter_card":"summary_large_image","twitter_misc":{"Temps estimat de lectura":"1 minut"},"schema":{"@context":"https:\/\/schema.org","@graph":[{"@type":"WebPage","@id":"https:\/\/www.germark.com\/ca\/sistemes\/etiquetadores-rotatives\/","url":"https:\/\/www.germark.com\/ca\/sistemes\/etiquetadores-rotatives\/","name":"Etiquetadores rotatives - Germark","isPartOf":{"@id":"https:\/\/www.germark.com\/ca\/#website"},"primaryImageOfPage":{"@id":"https:\/\/www.germark.com\/ca\/sistemes\/etiquetadores-rotatives\/#primaryimage"},"image":{"@id":"https:\/\/www.germark.com\/ca\/sistemes\/etiquetadores-rotatives\/#primaryimage"},"thumbnailUrl":"https:\/\/www.germark.com\/wp-content\/uploads\/2025\/01\/5-1.png","datePublished":"2025-01-27T17:32:32+00:00","dateModified":"2025-03-20T09:12:12+00:00","breadcrumb":{"@id":"https:\/\/www.germark.com\/ca\/sistemes\/etiquetadores-rotatives\/#breadcrumb"},"inLanguage":"ca","potentialAction":[{"@type":"ReadAction","target":["https:\/\/www.germark.com\/ca\/sistemes\/etiquetadores-rotatives\/"]}]},{"@type":"ImageObject","inLanguage":"ca","@id":"https:\/\/www.germark.com\/ca\/sistemes\/etiquetadores-rotatives\/#primaryimage","url":"https:\/\/www.germark.com\/wp-content\/uploads\/2025\/01\/5-1.png","contentUrl":"https:\/\/www.germark.com\/wp-content\/uploads\/2025\/01\/5-1.png","width":1600,"height":900},{"@type":"BreadcrumbList","@id":"https:\/\/www.germark.com\/ca\/sistemes\/etiquetadores-rotatives\/#breadcrumb","itemListElement":[{"@type":"ListItem","position":1,"name":"Portada","item":"https:\/\/www.germark.com\/ca\/"},{"@type":"ListItem","position":2,"name":"Sistemes","item":"https:\/\/www.germark.com\/ca\/sistemes\/"},{"@type":"ListItem","position":3,"name":"Etiquetadores rotatives"}]},{"@type":"WebSite","@id":"https:\/\/www.germark.com\/ca\/#website","url":"https:\/\/www.germark.com\/ca\/","name":"Germark","description":"The art of labeling","publisher":{"@id":"https:\/\/www.germark.com\/ca\/#organization"},"potentialAction":[{"@type":"SearchAction","target":{"@type":"EntryPoint","urlTemplate":"https:\/\/www.germark.com\/ca\/?s={search_term_string}"},"query-input":{"@type":"PropertyValueSpecification","valueRequired":true,"valueName":"search_term_string"}}],"inLanguage":"ca"},{"@type":"Organization","@id":"https:\/\/www.germark.com\/ca\/#organization","name":"Germark","url":"https:\/\/www.germark.com\/ca\/","logo":{"@type":"ImageObject","inLanguage":"ca","@id":"https:\/\/www.germark.com\/ca\/#\/schema\/logo\/image\/","url":"https:\/\/www.germark.com\/wp-content\/uploads\/2025\/01\/admin-logo.svg","contentUrl":"https:\/\/www.germark.com\/wp-content\/uploads\/2025\/01\/admin-logo.svg","width":320,"height":84,"caption":"Germark"},"image":{"@id":"https:\/\/www.germark.com\/ca\/#\/schema\/logo\/image\/"},"sameAs":["https:\/\/www.instagram.com\/germark_labels\/","https:\/\/es.linkedin.com\/company\/germark","https:\/\/www.youtube.com\/c\/germark"]}]}},"_links":{"self":[{"href":"https:\/\/www.germark.com\/ca\/wp-json\/wp\/v2\/pages\/1132","targetHints":{"allow":["GET"]}}],"collection":[{"href":"https:\/\/www.germark.com\/ca\/wp-json\/wp\/v2\/pages"}],"about":[{"href":"https:\/\/www.germark.com\/ca\/wp-json\/wp\/v2\/types\/page"}],"author":[{"embeddable":true,"href":"https:\/\/www.germark.com\/ca\/wp-json\/wp\/v2\/users\/3"}],"replies":[{"embeddable":true,"href":"https:\/\/www.germark.com\/ca\/wp-json\/wp\/v2\/comments?post=1132"}],"version-history":[{"count":1,"href":"https:\/\/www.germark.com\/ca\/wp-json\/wp\/v2\/pages\/1132\/revisions"}],"predecessor-version":[{"id":1134,"href":"https:\/\/www.germark.com\/ca\/wp-json\/wp\/v2\/pages\/1132\/revisions\/1134"}],"up":[{"embeddable":true,"href":"https:\/\/www.germark.com\/ca\/wp-json\/wp\/v2\/pages\/1016"}],"wp:featuredmedia":[{"embeddable":true,"href":"https:\/\/www.germark.com\/ca\/wp-json\/wp\/v2\/media\/1434"}],"wp:attachment":[{"href":"https:\/\/www.germark.com\/ca\/wp-json\/wp\/v2\/media?parent=1132"}],"curies":[{"name":"wp","href":"https:\/\/api.w.org\/{rel}","templated":true}]}}