{"id":1115,"date":"2025-01-27T18:33:18","date_gmt":"2025-01-27T17:33:18","guid":{"rendered":"https:\/\/www.germark.com\/sistemes\/equipos-novexx\/"},"modified":"2025-03-20T10:07:31","modified_gmt":"2025-03-20T09:07:31","slug":"equips-novexx","status":"publish","type":"page","link":"https:\/\/www.germark.com\/ca\/sistemes\/equips-novexx\/","title":{"rendered":"Equips Novexx"},"content":{"rendered":"\n<p>Novexx Solutions \u00e9s una empresa multinacional alemanya que es dedica a la ind\u00fastria de l\u2019etiquetat des de fa m\u00e9s de 55 anys. Com a especialistes en el sector, oferim solucions d&#8217;identificaci\u00f3 i etiquetatge de primera qualitat per a productes, caixes i palets, solucions amb les quals prometem optimitzar la cadena de subministrament.<\/p>\n\n\n\n<p>A Germark tenim m\u00e9s de 40 anys d&#8217;experi\u00e8ncia a les nostres espatlles treballant amb productes Novexx, actualment ja fa m\u00e9s de 20 anys que col\u00b7laborem, essent aix\u00ed distribu\u00efdors oficials de Novexx Solutions a Espanya. Podem proporcionar qualsevol producte de la gamma Novexx.<\/p>\n\n\n\n<p>Els equips Novexx els venem de forma separada, tot i que actualment a Germark tamb\u00e9 integrem els productes Novexx en els Sistemes d&#8217;Etiquetat de Germark, per oferir aix\u00ed el millor servei possible als nostres clients.<\/p>\n","protected":false},"excerpt":{"rendered":"<p>Novexx Solutions \u00e9s una empresa multinacional alemanya que es dedica a la ind\u00fastria de l\u2019etiquetat des de fa m\u00e9s de 55 anys. Com a especialistes en el sector, oferim solucions d&#8217;identificaci\u00f3 i etiquetatge de primera qualitat per a productes, caixes i palets, solucions amb les quals prometem optimitzar la cadena de subministrament. A Germark tenim&#8230;<\/p>\n","protected":false},"author":3,"featured_media":866,"parent":1016,"menu_order":0,"comment_status":"closed","ping_status":"closed","template":"pages\/page-sistema.php","meta":{"_acf_changed":false,"inline_featured_image":false,"footnotes":""},"class_list":["post-1115","page","type-page","status-publish","has-post-thumbnail","hentry"],"acf":[],"yoast_head":"<!-- This site is optimized with the Yoast SEO plugin v27.4 - https:\/\/yoast.com\/product\/yoast-seo-wordpress\/ -->\n<title>Equips Novexx - Germark<\/title>\n<meta name=\"robots\" content=\"index, follow, max-snippet:-1, max-image-preview:large, max-video-preview:-1\" \/>\n<link rel=\"canonical\" href=\"https:\/\/www.germark.com\/ca\/sistemes\/equips-novexx\/\" \/>\n<meta property=\"og:locale\" content=\"ca_ES\" \/>\n<meta property=\"og:type\" content=\"article\" \/>\n<meta property=\"og:title\" content=\"Equips Novexx - Germark\" \/>\n<meta property=\"og:description\" content=\"Novexx Solutions \u00e9s una empresa multinacional alemanya que es dedica a la ind\u00fastria de l\u2019etiquetat des de fa m\u00e9s de 55 anys. Com a especialistes en el sector, oferim solucions d&#8217;identificaci\u00f3 i etiquetatge de primera qualitat per a productes, caixes i palets, solucions amb les quals prometem optimitzar la cadena de subministrament. A Germark tenim...\" \/>\n<meta property=\"og:url\" content=\"https:\/\/www.germark.com\/ca\/sistemes\/equips-novexx\/\" \/>\n<meta property=\"og:site_name\" content=\"Germark\" \/>\n<meta property=\"article:modified_time\" content=\"2025-03-20T09:07:31+00:00\" \/>\n<meta property=\"og:image\" content=\"https:\/\/www.germark.com\/wp-content\/uploads\/2025\/01\/xlp51x-maquina-2.png\" \/>\n\t<meta property=\"og:image:width\" content=\"1306\" \/>\n\t<meta property=\"og:image:height\" content=\"732\" \/>\n\t<meta property=\"og:image:type\" content=\"image\/png\" \/>\n<meta name=\"twitter:card\" content=\"summary_large_image\" \/>\n<meta name=\"twitter:label1\" content=\"Temps estimat de lectura\" \/>\n\t<meta name=\"twitter:data1\" content=\"1 minut\" \/>\n<script type=\"application\/ld+json\" class=\"yoast-schema-graph\">{\"@context\":\"https:\\\/\\\/schema.org\",\"@graph\":[{\"@type\":\"WebPage\",\"@id\":\"https:\\\/\\\/www.germark.com\\\/ca\\\/sistemes\\\/equips-novexx\\\/\",\"url\":\"https:\\\/\\\/www.germark.com\\\/ca\\\/sistemes\\\/equips-novexx\\\/\",\"name\":\"Equips Novexx - Germark\",\"isPartOf\":{\"@id\":\"https:\\\/\\\/www.germark.com\\\/ca\\\/#website\"},\"primaryImageOfPage\":{\"@id\":\"https:\\\/\\\/www.germark.com\\\/ca\\\/sistemes\\\/equips-novexx\\\/#primaryimage\"},\"image\":{\"@id\":\"https:\\\/\\\/www.germark.com\\\/ca\\\/sistemes\\\/equips-novexx\\\/#primaryimage\"},\"thumbnailUrl\":\"https:\\\/\\\/www.germark.com\\\/wp-content\\\/uploads\\\/2025\\\/01\\\/xlp51x-maquina-2.png\",\"datePublished\":\"2025-01-27T17:33:18+00:00\",\"dateModified\":\"2025-03-20T09:07:31+00:00\",\"breadcrumb\":{\"@id\":\"https:\\\/\\\/www.germark.com\\\/ca\\\/sistemes\\\/equips-novexx\\\/#breadcrumb\"},\"inLanguage\":\"ca\",\"potentialAction\":[{\"@type\":\"ReadAction\",\"target\":[\"https:\\\/\\\/www.germark.com\\\/ca\\\/sistemes\\\/equips-novexx\\\/\"]}]},{\"@type\":\"ImageObject\",\"inLanguage\":\"ca\",\"@id\":\"https:\\\/\\\/www.germark.com\\\/ca\\\/sistemes\\\/equips-novexx\\\/#primaryimage\",\"url\":\"https:\\\/\\\/www.germark.com\\\/wp-content\\\/uploads\\\/2025\\\/01\\\/xlp51x-maquina-2.png\",\"contentUrl\":\"https:\\\/\\\/www.germark.com\\\/wp-content\\\/uploads\\\/2025\\\/01\\\/xlp51x-maquina-2.png\",\"width\":1306,\"height\":732},{\"@type\":\"BreadcrumbList\",\"@id\":\"https:\\\/\\\/www.germark.com\\\/ca\\\/sistemes\\\/equips-novexx\\\/#breadcrumb\",\"itemListElement\":[{\"@type\":\"ListItem\",\"position\":1,\"name\":\"Portada\",\"item\":\"https:\\\/\\\/www.germark.com\\\/ca\\\/\"},{\"@type\":\"ListItem\",\"position\":2,\"name\":\"Sistemes\",\"item\":\"https:\\\/\\\/www.germark.com\\\/ca\\\/sistemes\\\/\"},{\"@type\":\"ListItem\",\"position\":3,\"name\":\"Equips Novexx\"}]},{\"@type\":\"WebSite\",\"@id\":\"https:\\\/\\\/www.germark.com\\\/ca\\\/#website\",\"url\":\"https:\\\/\\\/www.germark.com\\\/ca\\\/\",\"name\":\"Germark\",\"description\":\"The art of labeling\",\"publisher\":{\"@id\":\"https:\\\/\\\/www.germark.com\\\/ca\\\/#organization\"},\"potentialAction\":[{\"@type\":\"SearchAction\",\"target\":{\"@type\":\"EntryPoint\",\"urlTemplate\":\"https:\\\/\\\/www.germark.com\\\/ca\\\/?s={search_term_string}\"},\"query-input\":{\"@type\":\"PropertyValueSpecification\",\"valueRequired\":true,\"valueName\":\"search_term_string\"}}],\"inLanguage\":\"ca\"},{\"@type\":\"Organization\",\"@id\":\"https:\\\/\\\/www.germark.com\\\/ca\\\/#organization\",\"name\":\"Germark\",\"url\":\"https:\\\/\\\/www.germark.com\\\/ca\\\/\",\"logo\":{\"@type\":\"ImageObject\",\"inLanguage\":\"ca\",\"@id\":\"https:\\\/\\\/www.germark.com\\\/ca\\\/#\\\/schema\\\/logo\\\/image\\\/\",\"url\":\"https:\\\/\\\/www.germark.com\\\/wp-content\\\/uploads\\\/2025\\\/01\\\/admin-logo.svg\",\"contentUrl\":\"https:\\\/\\\/www.germark.com\\\/wp-content\\\/uploads\\\/2025\\\/01\\\/admin-logo.svg\",\"width\":320,\"height\":84,\"caption\":\"Germark\"},\"image\":{\"@id\":\"https:\\\/\\\/www.germark.com\\\/ca\\\/#\\\/schema\\\/logo\\\/image\\\/\"},\"sameAs\":[\"https:\\\/\\\/www.instagram.com\\\/germark_labels\\\/\",\"https:\\\/\\\/es.linkedin.com\\\/company\\\/germark\",\"https:\\\/\\\/www.youtube.com\\\/c\\\/germark\"]}]}<\/script>\n<!-- \/ Yoast SEO plugin. -->","yoast_head_json":{"title":"Equips Novexx - Germark","robots":{"index":"index","follow":"follow","max-snippet":"max-snippet:-1","max-image-preview":"max-image-preview:large","max-video-preview":"max-video-preview:-1"},"canonical":"https:\/\/www.germark.com\/ca\/sistemes\/equips-novexx\/","og_locale":"ca_ES","og_type":"article","og_title":"Equips Novexx - Germark","og_description":"Novexx Solutions \u00e9s una empresa multinacional alemanya que es dedica a la ind\u00fastria de l\u2019etiquetat des de fa m\u00e9s de 55 anys. Com a especialistes en el sector, oferim solucions d&#8217;identificaci\u00f3 i etiquetatge de primera qualitat per a productes, caixes i palets, solucions amb les quals prometem optimitzar la cadena de subministrament. A Germark tenim...","og_url":"https:\/\/www.germark.com\/ca\/sistemes\/equips-novexx\/","og_site_name":"Germark","article_modified_time":"2025-03-20T09:07:31+00:00","og_image":[{"width":1306,"height":732,"url":"https:\/\/www.germark.com\/wp-content\/uploads\/2025\/01\/xlp51x-maquina-2.png","type":"image\/png"}],"twitter_card":"summary_large_image","twitter_misc":{"Temps estimat de lectura":"1 minut"},"schema":{"@context":"https:\/\/schema.org","@graph":[{"@type":"WebPage","@id":"https:\/\/www.germark.com\/ca\/sistemes\/equips-novexx\/","url":"https:\/\/www.germark.com\/ca\/sistemes\/equips-novexx\/","name":"Equips Novexx - Germark","isPartOf":{"@id":"https:\/\/www.germark.com\/ca\/#website"},"primaryImageOfPage":{"@id":"https:\/\/www.germark.com\/ca\/sistemes\/equips-novexx\/#primaryimage"},"image":{"@id":"https:\/\/www.germark.com\/ca\/sistemes\/equips-novexx\/#primaryimage"},"thumbnailUrl":"https:\/\/www.germark.com\/wp-content\/uploads\/2025\/01\/xlp51x-maquina-2.png","datePublished":"2025-01-27T17:33:18+00:00","dateModified":"2025-03-20T09:07:31+00:00","breadcrumb":{"@id":"https:\/\/www.germark.com\/ca\/sistemes\/equips-novexx\/#breadcrumb"},"inLanguage":"ca","potentialAction":[{"@type":"ReadAction","target":["https:\/\/www.germark.com\/ca\/sistemes\/equips-novexx\/"]}]},{"@type":"ImageObject","inLanguage":"ca","@id":"https:\/\/www.germark.com\/ca\/sistemes\/equips-novexx\/#primaryimage","url":"https:\/\/www.germark.com\/wp-content\/uploads\/2025\/01\/xlp51x-maquina-2.png","contentUrl":"https:\/\/www.germark.com\/wp-content\/uploads\/2025\/01\/xlp51x-maquina-2.png","width":1306,"height":732},{"@type":"BreadcrumbList","@id":"https:\/\/www.germark.com\/ca\/sistemes\/equips-novexx\/#breadcrumb","itemListElement":[{"@type":"ListItem","position":1,"name":"Portada","item":"https:\/\/www.germark.com\/ca\/"},{"@type":"ListItem","position":2,"name":"Sistemes","item":"https:\/\/www.germark.com\/ca\/sistemes\/"},{"@type":"ListItem","position":3,"name":"Equips Novexx"}]},{"@type":"WebSite","@id":"https:\/\/www.germark.com\/ca\/#website","url":"https:\/\/www.germark.com\/ca\/","name":"Germark","description":"The art of labeling","publisher":{"@id":"https:\/\/www.germark.com\/ca\/#organization"},"potentialAction":[{"@type":"SearchAction","target":{"@type":"EntryPoint","urlTemplate":"https:\/\/www.germark.com\/ca\/?s={search_term_string}"},"query-input":{"@type":"PropertyValueSpecification","valueRequired":true,"valueName":"search_term_string"}}],"inLanguage":"ca"},{"@type":"Organization","@id":"https:\/\/www.germark.com\/ca\/#organization","name":"Germark","url":"https:\/\/www.germark.com\/ca\/","logo":{"@type":"ImageObject","inLanguage":"ca","@id":"https:\/\/www.germark.com\/ca\/#\/schema\/logo\/image\/","url":"https:\/\/www.germark.com\/wp-content\/uploads\/2025\/01\/admin-logo.svg","contentUrl":"https:\/\/www.germark.com\/wp-content\/uploads\/2025\/01\/admin-logo.svg","width":320,"height":84,"caption":"Germark"},"image":{"@id":"https:\/\/www.germark.com\/ca\/#\/schema\/logo\/image\/"},"sameAs":["https:\/\/www.instagram.com\/germark_labels\/","https:\/\/es.linkedin.com\/company\/germark","https:\/\/www.youtube.com\/c\/germark"]}]}},"_links":{"self":[{"href":"https:\/\/www.germark.com\/ca\/wp-json\/wp\/v2\/pages\/1115","targetHints":{"allow":["GET"]}}],"collection":[{"href":"https:\/\/www.germark.com\/ca\/wp-json\/wp\/v2\/pages"}],"about":[{"href":"https:\/\/www.germark.com\/ca\/wp-json\/wp\/v2\/types\/page"}],"author":[{"embeddable":true,"href":"https:\/\/www.germark.com\/ca\/wp-json\/wp\/v2\/users\/3"}],"replies":[{"embeddable":true,"href":"https:\/\/www.germark.com\/ca\/wp-json\/wp\/v2\/comments?post=1115"}],"version-history":[{"count":1,"href":"https:\/\/www.germark.com\/ca\/wp-json\/wp\/v2\/pages\/1115\/revisions"}],"predecessor-version":[{"id":1120,"href":"https:\/\/www.germark.com\/ca\/wp-json\/wp\/v2\/pages\/1115\/revisions\/1120"}],"up":[{"embeddable":true,"href":"https:\/\/www.germark.com\/ca\/wp-json\/wp\/v2\/pages\/1016"}],"wp:featuredmedia":[{"embeddable":true,"href":"https:\/\/www.germark.com\/ca\/wp-json\/wp\/v2\/media\/866"}],"wp:attachment":[{"href":"https:\/\/www.germark.com\/ca\/wp-json\/wp\/v2\/media?parent=1115"}],"curies":[{"name":"wp","href":"https:\/\/api.w.org\/{rel}","templated":true}]}}