{"id":1109,"date":"2025-01-27T18:33:34","date_gmt":"2025-01-27T17:33:34","guid":{"rendered":"https:\/\/www.germark.com\/sistemes\/consumibles\/"},"modified":"2025-03-20T09:51:56","modified_gmt":"2025-03-20T08:51:56","slug":"consumibles","status":"publish","type":"page","link":"https:\/\/www.germark.com\/ca\/sistemes\/consumibles\/","title":{"rendered":"Consumibles"},"content":{"rendered":"\n<p>Els consumibles s\u00f3n un element fonamental en els processos d&#8217;impressi\u00f3 i aplicaci\u00f3 d&#8217;etiquetes, assegurant que la identificaci\u00f3 dels productes sigui clara, duradora i eficient. La seva elecci\u00f3 influeix directament en la qualitat de l&#8217;etiquetatge i en el rendiment dels equips utilitzats.<\/p>\n\n\n\n<p>A Germark, disposem de solucions que s&#8217;adapten a diferents necessitats i tecnologies, garantint una integraci\u00f3 perfecta en qualsevol sistema d&#8217;etiquetatge.<\/p>\n\n\n\n<p>Si busques consumibles d&#8217;alta qualitat i fiabilitat, tenim les opcions ideals per optimitzar la teva producci\u00f3.<\/p>\n","protected":false},"excerpt":{"rendered":"<p>Els consumibles s\u00f3n un element fonamental en els processos d&#8217;impressi\u00f3 i aplicaci\u00f3 d&#8217;etiquetes, assegurant que la identificaci\u00f3 dels productes sigui clara, duradora i eficient. La seva elecci\u00f3 influeix directament en la qualitat de l&#8217;etiquetatge i en el rendiment dels equips utilitzats. A Germark, disposem de solucions que s&#8217;adapten a diferents necessitats i tecnologies, garantint una&#8230;<\/p>\n","protected":false},"author":3,"featured_media":842,"parent":1016,"menu_order":0,"comment_status":"closed","ping_status":"closed","template":"pages\/page-sistema.php","meta":{"_acf_changed":false,"inline_featured_image":false,"footnotes":""},"class_list":["post-1109","page","type-page","status-publish","has-post-thumbnail","hentry"],"acf":[],"yoast_head":"<!-- This site is optimized with the Yoast SEO plugin v27.3 - https:\/\/yoast.com\/product\/yoast-seo-wordpress\/ -->\n<title>Consumibles - Germark<\/title>\n<meta name=\"robots\" content=\"index, follow, max-snippet:-1, max-image-preview:large, max-video-preview:-1\" \/>\n<link rel=\"canonical\" href=\"https:\/\/www.germark.com\/ca\/sistemes\/consumibles\/\" \/>\n<meta property=\"og:locale\" content=\"ca_ES\" \/>\n<meta property=\"og:type\" content=\"article\" \/>\n<meta property=\"og:title\" content=\"Consumibles - Germark\" \/>\n<meta property=\"og:description\" content=\"Els consumibles s\u00f3n un element fonamental en els processos d&#8217;impressi\u00f3 i aplicaci\u00f3 d&#8217;etiquetes, assegurant que la identificaci\u00f3 dels productes sigui clara, duradora i eficient. La seva elecci\u00f3 influeix directament en la qualitat de l&#8217;etiquetatge i en el rendiment dels equips utilitzats. A Germark, disposem de solucions que s&#8217;adapten a diferents necessitats i tecnologies, garantint una...\" \/>\n<meta property=\"og:url\" content=\"https:\/\/www.germark.com\/ca\/sistemes\/consumibles\/\" \/>\n<meta property=\"og:site_name\" content=\"Germark\" \/>\n<meta property=\"article:modified_time\" content=\"2025-03-20T08:51:56+00:00\" \/>\n<meta property=\"og:image\" content=\"https:\/\/www.germark.com\/wp-content\/uploads\/2025\/01\/inlays-transparent.png\" \/>\n\t<meta property=\"og:image:width\" content=\"1306\" \/>\n\t<meta property=\"og:image:height\" content=\"732\" \/>\n\t<meta property=\"og:image:type\" content=\"image\/png\" \/>\n<meta name=\"twitter:card\" content=\"summary_large_image\" \/>\n<script type=\"application\/ld+json\" class=\"yoast-schema-graph\">{\"@context\":\"https:\\\/\\\/schema.org\",\"@graph\":[{\"@type\":\"WebPage\",\"@id\":\"https:\\\/\\\/www.germark.com\\\/ca\\\/sistemes\\\/consumibles\\\/\",\"url\":\"https:\\\/\\\/www.germark.com\\\/ca\\\/sistemes\\\/consumibles\\\/\",\"name\":\"Consumibles - Germark\",\"isPartOf\":{\"@id\":\"https:\\\/\\\/www.germark.com\\\/ca\\\/#website\"},\"primaryImageOfPage\":{\"@id\":\"https:\\\/\\\/www.germark.com\\\/ca\\\/sistemes\\\/consumibles\\\/#primaryimage\"},\"image\":{\"@id\":\"https:\\\/\\\/www.germark.com\\\/ca\\\/sistemes\\\/consumibles\\\/#primaryimage\"},\"thumbnailUrl\":\"https:\\\/\\\/www.germark.com\\\/wp-content\\\/uploads\\\/2025\\\/01\\\/inlays-transparent.png\",\"datePublished\":\"2025-01-27T17:33:34+00:00\",\"dateModified\":\"2025-03-20T08:51:56+00:00\",\"breadcrumb\":{\"@id\":\"https:\\\/\\\/www.germark.com\\\/ca\\\/sistemes\\\/consumibles\\\/#breadcrumb\"},\"inLanguage\":\"ca\",\"potentialAction\":[{\"@type\":\"ReadAction\",\"target\":[\"https:\\\/\\\/www.germark.com\\\/ca\\\/sistemes\\\/consumibles\\\/\"]}]},{\"@type\":\"ImageObject\",\"inLanguage\":\"ca\",\"@id\":\"https:\\\/\\\/www.germark.com\\\/ca\\\/sistemes\\\/consumibles\\\/#primaryimage\",\"url\":\"https:\\\/\\\/www.germark.com\\\/wp-content\\\/uploads\\\/2025\\\/01\\\/inlays-transparent.png\",\"contentUrl\":\"https:\\\/\\\/www.germark.com\\\/wp-content\\\/uploads\\\/2025\\\/01\\\/inlays-transparent.png\",\"width\":1306,\"height\":732},{\"@type\":\"BreadcrumbList\",\"@id\":\"https:\\\/\\\/www.germark.com\\\/ca\\\/sistemes\\\/consumibles\\\/#breadcrumb\",\"itemListElement\":[{\"@type\":\"ListItem\",\"position\":1,\"name\":\"Portada\",\"item\":\"https:\\\/\\\/www.germark.com\\\/ca\\\/\"},{\"@type\":\"ListItem\",\"position\":2,\"name\":\"Sistemes\",\"item\":\"https:\\\/\\\/www.germark.com\\\/ca\\\/sistemes\\\/\"},{\"@type\":\"ListItem\",\"position\":3,\"name\":\"Consumibles\"}]},{\"@type\":\"WebSite\",\"@id\":\"https:\\\/\\\/www.germark.com\\\/ca\\\/#website\",\"url\":\"https:\\\/\\\/www.germark.com\\\/ca\\\/\",\"name\":\"Germark\",\"description\":\"The art of labeling\",\"publisher\":{\"@id\":\"https:\\\/\\\/www.germark.com\\\/ca\\\/#organization\"},\"potentialAction\":[{\"@type\":\"SearchAction\",\"target\":{\"@type\":\"EntryPoint\",\"urlTemplate\":\"https:\\\/\\\/www.germark.com\\\/ca\\\/?s={search_term_string}\"},\"query-input\":{\"@type\":\"PropertyValueSpecification\",\"valueRequired\":true,\"valueName\":\"search_term_string\"}}],\"inLanguage\":\"ca\"},{\"@type\":\"Organization\",\"@id\":\"https:\\\/\\\/www.germark.com\\\/ca\\\/#organization\",\"name\":\"Germark\",\"url\":\"https:\\\/\\\/www.germark.com\\\/ca\\\/\",\"logo\":{\"@type\":\"ImageObject\",\"inLanguage\":\"ca\",\"@id\":\"https:\\\/\\\/www.germark.com\\\/ca\\\/#\\\/schema\\\/logo\\\/image\\\/\",\"url\":\"https:\\\/\\\/www.germark.com\\\/wp-content\\\/uploads\\\/2025\\\/01\\\/admin-logo.svg\",\"contentUrl\":\"https:\\\/\\\/www.germark.com\\\/wp-content\\\/uploads\\\/2025\\\/01\\\/admin-logo.svg\",\"width\":320,\"height\":84,\"caption\":\"Germark\"},\"image\":{\"@id\":\"https:\\\/\\\/www.germark.com\\\/ca\\\/#\\\/schema\\\/logo\\\/image\\\/\"},\"sameAs\":[\"https:\\\/\\\/www.instagram.com\\\/germark_labels\\\/\",\"https:\\\/\\\/es.linkedin.com\\\/company\\\/germark\",\"https:\\\/\\\/www.youtube.com\\\/c\\\/germark\"]}]}<\/script>\n<!-- \/ Yoast SEO plugin. -->","yoast_head_json":{"title":"Consumibles - Germark","robots":{"index":"index","follow":"follow","max-snippet":"max-snippet:-1","max-image-preview":"max-image-preview:large","max-video-preview":"max-video-preview:-1"},"canonical":"https:\/\/www.germark.com\/ca\/sistemes\/consumibles\/","og_locale":"ca_ES","og_type":"article","og_title":"Consumibles - Germark","og_description":"Els consumibles s\u00f3n un element fonamental en els processos d&#8217;impressi\u00f3 i aplicaci\u00f3 d&#8217;etiquetes, assegurant que la identificaci\u00f3 dels productes sigui clara, duradora i eficient. La seva elecci\u00f3 influeix directament en la qualitat de l&#8217;etiquetatge i en el rendiment dels equips utilitzats. A Germark, disposem de solucions que s&#8217;adapten a diferents necessitats i tecnologies, garantint una...","og_url":"https:\/\/www.germark.com\/ca\/sistemes\/consumibles\/","og_site_name":"Germark","article_modified_time":"2025-03-20T08:51:56+00:00","og_image":[{"width":1306,"height":732,"url":"https:\/\/www.germark.com\/wp-content\/uploads\/2025\/01\/inlays-transparent.png","type":"image\/png"}],"twitter_card":"summary_large_image","schema":{"@context":"https:\/\/schema.org","@graph":[{"@type":"WebPage","@id":"https:\/\/www.germark.com\/ca\/sistemes\/consumibles\/","url":"https:\/\/www.germark.com\/ca\/sistemes\/consumibles\/","name":"Consumibles - Germark","isPartOf":{"@id":"https:\/\/www.germark.com\/ca\/#website"},"primaryImageOfPage":{"@id":"https:\/\/www.germark.com\/ca\/sistemes\/consumibles\/#primaryimage"},"image":{"@id":"https:\/\/www.germark.com\/ca\/sistemes\/consumibles\/#primaryimage"},"thumbnailUrl":"https:\/\/www.germark.com\/wp-content\/uploads\/2025\/01\/inlays-transparent.png","datePublished":"2025-01-27T17:33:34+00:00","dateModified":"2025-03-20T08:51:56+00:00","breadcrumb":{"@id":"https:\/\/www.germark.com\/ca\/sistemes\/consumibles\/#breadcrumb"},"inLanguage":"ca","potentialAction":[{"@type":"ReadAction","target":["https:\/\/www.germark.com\/ca\/sistemes\/consumibles\/"]}]},{"@type":"ImageObject","inLanguage":"ca","@id":"https:\/\/www.germark.com\/ca\/sistemes\/consumibles\/#primaryimage","url":"https:\/\/www.germark.com\/wp-content\/uploads\/2025\/01\/inlays-transparent.png","contentUrl":"https:\/\/www.germark.com\/wp-content\/uploads\/2025\/01\/inlays-transparent.png","width":1306,"height":732},{"@type":"BreadcrumbList","@id":"https:\/\/www.germark.com\/ca\/sistemes\/consumibles\/#breadcrumb","itemListElement":[{"@type":"ListItem","position":1,"name":"Portada","item":"https:\/\/www.germark.com\/ca\/"},{"@type":"ListItem","position":2,"name":"Sistemes","item":"https:\/\/www.germark.com\/ca\/sistemes\/"},{"@type":"ListItem","position":3,"name":"Consumibles"}]},{"@type":"WebSite","@id":"https:\/\/www.germark.com\/ca\/#website","url":"https:\/\/www.germark.com\/ca\/","name":"Germark","description":"The art of labeling","publisher":{"@id":"https:\/\/www.germark.com\/ca\/#organization"},"potentialAction":[{"@type":"SearchAction","target":{"@type":"EntryPoint","urlTemplate":"https:\/\/www.germark.com\/ca\/?s={search_term_string}"},"query-input":{"@type":"PropertyValueSpecification","valueRequired":true,"valueName":"search_term_string"}}],"inLanguage":"ca"},{"@type":"Organization","@id":"https:\/\/www.germark.com\/ca\/#organization","name":"Germark","url":"https:\/\/www.germark.com\/ca\/","logo":{"@type":"ImageObject","inLanguage":"ca","@id":"https:\/\/www.germark.com\/ca\/#\/schema\/logo\/image\/","url":"https:\/\/www.germark.com\/wp-content\/uploads\/2025\/01\/admin-logo.svg","contentUrl":"https:\/\/www.germark.com\/wp-content\/uploads\/2025\/01\/admin-logo.svg","width":320,"height":84,"caption":"Germark"},"image":{"@id":"https:\/\/www.germark.com\/ca\/#\/schema\/logo\/image\/"},"sameAs":["https:\/\/www.instagram.com\/germark_labels\/","https:\/\/es.linkedin.com\/company\/germark","https:\/\/www.youtube.com\/c\/germark"]}]}},"_links":{"self":[{"href":"https:\/\/www.germark.com\/ca\/wp-json\/wp\/v2\/pages\/1109","targetHints":{"allow":["GET"]}}],"collection":[{"href":"https:\/\/www.germark.com\/ca\/wp-json\/wp\/v2\/pages"}],"about":[{"href":"https:\/\/www.germark.com\/ca\/wp-json\/wp\/v2\/types\/page"}],"author":[{"embeddable":true,"href":"https:\/\/www.germark.com\/ca\/wp-json\/wp\/v2\/users\/3"}],"replies":[{"embeddable":true,"href":"https:\/\/www.germark.com\/ca\/wp-json\/wp\/v2\/comments?post=1109"}],"version-history":[{"count":1,"href":"https:\/\/www.germark.com\/ca\/wp-json\/wp\/v2\/pages\/1109\/revisions"}],"predecessor-version":[{"id":1111,"href":"https:\/\/www.germark.com\/ca\/wp-json\/wp\/v2\/pages\/1109\/revisions\/1111"}],"up":[{"embeddable":true,"href":"https:\/\/www.germark.com\/ca\/wp-json\/wp\/v2\/pages\/1016"}],"wp:featuredmedia":[{"embeddable":true,"href":"https:\/\/www.germark.com\/ca\/wp-json\/wp\/v2\/media\/842"}],"wp:attachment":[{"href":"https:\/\/www.germark.com\/ca\/wp-json\/wp\/v2\/media?parent=1109"}],"curies":[{"name":"wp","href":"https:\/\/api.w.org\/{rel}","templated":true}]}}