{"id":1020,"date":"2025-01-27T17:27:20","date_gmt":"2025-01-27T16:27:20","guid":{"rendered":"https:\/\/www.germark.com\/sistemes\/cabezales-etiquetadores\/"},"modified":"2025-03-19T16:48:57","modified_gmt":"2025-03-19T15:48:57","slug":"capcals-etiquetadors","status":"publish","type":"page","link":"https:\/\/www.germark.com\/ca\/sistemes\/capcals-etiquetadors\/","title":{"rendered":"Cap\u00e7als etiquetadors"},"content":{"rendered":"\n<p>Els cap\u00e7als etiquetadors s\u00f3n dispositius essencials en els sistemes d&#8217;etiquetatge autom\u00e0tic. La seva funci\u00f3 principal \u00e9s aplicar etiquetes de manera precisa i eficient sobre productes o envasos.<\/p>\n\n\n\n<p>A Germark, oferim cap\u00e7als etiquetadors tant de manera independent com en complement per a qualsevol equip etiquetador, assegurant versatilitat, precisi\u00f3 i compatibilitat amb diverses l\u00ednies de producci\u00f3.<\/p>\n\n\n\n<p>Si busques millorar el teu proc\u00e9s d&#8217;etiquetatge amb tecnologia fiable i de rendiment alt, a Germark tenim la soluci\u00f3 ideal per al teu negoci.<\/p>\n","protected":false},"excerpt":{"rendered":"<p>Els cap\u00e7als etiquetadors s\u00f3n dispositius essencials en els sistemes d&#8217;etiquetatge autom\u00e0tic. La seva funci\u00f3 principal \u00e9s aplicar etiquetes de manera precisa i eficient sobre productes o envasos. A Germark, oferim cap\u00e7als etiquetadors tant de manera independent com en complement per a qualsevol equip etiquetador, assegurant versatilitat, precisi\u00f3 i compatibilitat amb diverses l\u00ednies de producci\u00f3. Si&#8230;<\/p>\n","protected":false},"author":3,"featured_media":1424,"parent":1016,"menu_order":0,"comment_status":"closed","ping_status":"closed","template":"pages\/page-sistema.php","meta":{"_acf_changed":false,"inline_featured_image":false,"footnotes":""},"class_list":["post-1020","page","type-page","status-publish","has-post-thumbnail","hentry"],"acf":[],"yoast_head":"<!-- This site is optimized with the Yoast SEO plugin v27.4 - https:\/\/yoast.com\/product\/yoast-seo-wordpress\/ -->\n<title>Cap\u00e7als etiquetadors - Germark<\/title>\n<meta name=\"robots\" content=\"index, follow, max-snippet:-1, max-image-preview:large, max-video-preview:-1\" \/>\n<link rel=\"canonical\" href=\"https:\/\/www.germark.com\/ca\/sistemes\/capcals-etiquetadors\/\" \/>\n<meta property=\"og:locale\" content=\"ca_ES\" \/>\n<meta property=\"og:type\" content=\"article\" \/>\n<meta property=\"og:title\" content=\"Cap\u00e7als etiquetadors - Germark\" \/>\n<meta property=\"og:description\" content=\"Els cap\u00e7als etiquetadors s\u00f3n dispositius essencials en els sistemes d&#8217;etiquetatge autom\u00e0tic. La seva funci\u00f3 principal \u00e9s aplicar etiquetes de manera precisa i eficient sobre productes o envasos. A Germark, oferim cap\u00e7als etiquetadors tant de manera independent com en complement per a qualsevol equip etiquetador, assegurant versatilitat, precisi\u00f3 i compatibilitat amb diverses l\u00ednies de producci\u00f3. Si...\" \/>\n<meta property=\"og:url\" content=\"https:\/\/www.germark.com\/ca\/sistemes\/capcals-etiquetadors\/\" \/>\n<meta property=\"og:site_name\" content=\"Germark\" \/>\n<meta property=\"article:modified_time\" content=\"2025-03-19T15:48:57+00:00\" \/>\n<meta property=\"og:image\" content=\"https:\/\/www.germark.com\/wp-content\/uploads\/2025\/01\/4-5.png\" \/>\n\t<meta property=\"og:image:width\" content=\"1600\" \/>\n\t<meta property=\"og:image:height\" content=\"900\" \/>\n\t<meta property=\"og:image:type\" content=\"image\/png\" \/>\n<meta name=\"twitter:card\" content=\"summary_large_image\" \/>\n<script type=\"application\/ld+json\" class=\"yoast-schema-graph\">{\"@context\":\"https:\\\/\\\/schema.org\",\"@graph\":[{\"@type\":\"WebPage\",\"@id\":\"https:\\\/\\\/www.germark.com\\\/ca\\\/sistemes\\\/capcals-etiquetadors\\\/\",\"url\":\"https:\\\/\\\/www.germark.com\\\/ca\\\/sistemes\\\/capcals-etiquetadors\\\/\",\"name\":\"Cap\u00e7als etiquetadors - Germark\",\"isPartOf\":{\"@id\":\"https:\\\/\\\/www.germark.com\\\/ca\\\/#website\"},\"primaryImageOfPage\":{\"@id\":\"https:\\\/\\\/www.germark.com\\\/ca\\\/sistemes\\\/capcals-etiquetadors\\\/#primaryimage\"},\"image\":{\"@id\":\"https:\\\/\\\/www.germark.com\\\/ca\\\/sistemes\\\/capcals-etiquetadors\\\/#primaryimage\"},\"thumbnailUrl\":\"https:\\\/\\\/www.germark.com\\\/wp-content\\\/uploads\\\/2025\\\/01\\\/4-5.png\",\"datePublished\":\"2025-01-27T16:27:20+00:00\",\"dateModified\":\"2025-03-19T15:48:57+00:00\",\"breadcrumb\":{\"@id\":\"https:\\\/\\\/www.germark.com\\\/ca\\\/sistemes\\\/capcals-etiquetadors\\\/#breadcrumb\"},\"inLanguage\":\"ca\",\"potentialAction\":[{\"@type\":\"ReadAction\",\"target\":[\"https:\\\/\\\/www.germark.com\\\/ca\\\/sistemes\\\/capcals-etiquetadors\\\/\"]}]},{\"@type\":\"ImageObject\",\"inLanguage\":\"ca\",\"@id\":\"https:\\\/\\\/www.germark.com\\\/ca\\\/sistemes\\\/capcals-etiquetadors\\\/#primaryimage\",\"url\":\"https:\\\/\\\/www.germark.com\\\/wp-content\\\/uploads\\\/2025\\\/01\\\/4-5.png\",\"contentUrl\":\"https:\\\/\\\/www.germark.com\\\/wp-content\\\/uploads\\\/2025\\\/01\\\/4-5.png\",\"width\":1600,\"height\":900},{\"@type\":\"BreadcrumbList\",\"@id\":\"https:\\\/\\\/www.germark.com\\\/ca\\\/sistemes\\\/capcals-etiquetadors\\\/#breadcrumb\",\"itemListElement\":[{\"@type\":\"ListItem\",\"position\":1,\"name\":\"Portada\",\"item\":\"https:\\\/\\\/www.germark.com\\\/ca\\\/\"},{\"@type\":\"ListItem\",\"position\":2,\"name\":\"Sistemes\",\"item\":\"https:\\\/\\\/www.germark.com\\\/ca\\\/sistemes\\\/\"},{\"@type\":\"ListItem\",\"position\":3,\"name\":\"Cap\u00e7als etiquetadors\"}]},{\"@type\":\"WebSite\",\"@id\":\"https:\\\/\\\/www.germark.com\\\/ca\\\/#website\",\"url\":\"https:\\\/\\\/www.germark.com\\\/ca\\\/\",\"name\":\"Germark\",\"description\":\"The art of labeling\",\"publisher\":{\"@id\":\"https:\\\/\\\/www.germark.com\\\/ca\\\/#organization\"},\"potentialAction\":[{\"@type\":\"SearchAction\",\"target\":{\"@type\":\"EntryPoint\",\"urlTemplate\":\"https:\\\/\\\/www.germark.com\\\/ca\\\/?s={search_term_string}\"},\"query-input\":{\"@type\":\"PropertyValueSpecification\",\"valueRequired\":true,\"valueName\":\"search_term_string\"}}],\"inLanguage\":\"ca\"},{\"@type\":\"Organization\",\"@id\":\"https:\\\/\\\/www.germark.com\\\/ca\\\/#organization\",\"name\":\"Germark\",\"url\":\"https:\\\/\\\/www.germark.com\\\/ca\\\/\",\"logo\":{\"@type\":\"ImageObject\",\"inLanguage\":\"ca\",\"@id\":\"https:\\\/\\\/www.germark.com\\\/ca\\\/#\\\/schema\\\/logo\\\/image\\\/\",\"url\":\"https:\\\/\\\/www.germark.com\\\/wp-content\\\/uploads\\\/2025\\\/01\\\/admin-logo.svg\",\"contentUrl\":\"https:\\\/\\\/www.germark.com\\\/wp-content\\\/uploads\\\/2025\\\/01\\\/admin-logo.svg\",\"width\":320,\"height\":84,\"caption\":\"Germark\"},\"image\":{\"@id\":\"https:\\\/\\\/www.germark.com\\\/ca\\\/#\\\/schema\\\/logo\\\/image\\\/\"},\"sameAs\":[\"https:\\\/\\\/www.instagram.com\\\/germark_labels\\\/\",\"https:\\\/\\\/es.linkedin.com\\\/company\\\/germark\",\"https:\\\/\\\/www.youtube.com\\\/c\\\/germark\"]}]}<\/script>\n<!-- \/ Yoast SEO plugin. -->","yoast_head_json":{"title":"Cap\u00e7als etiquetadors - Germark","robots":{"index":"index","follow":"follow","max-snippet":"max-snippet:-1","max-image-preview":"max-image-preview:large","max-video-preview":"max-video-preview:-1"},"canonical":"https:\/\/www.germark.com\/ca\/sistemes\/capcals-etiquetadors\/","og_locale":"ca_ES","og_type":"article","og_title":"Cap\u00e7als etiquetadors - Germark","og_description":"Els cap\u00e7als etiquetadors s\u00f3n dispositius essencials en els sistemes d&#8217;etiquetatge autom\u00e0tic. La seva funci\u00f3 principal \u00e9s aplicar etiquetes de manera precisa i eficient sobre productes o envasos. A Germark, oferim cap\u00e7als etiquetadors tant de manera independent com en complement per a qualsevol equip etiquetador, assegurant versatilitat, precisi\u00f3 i compatibilitat amb diverses l\u00ednies de producci\u00f3. Si...","og_url":"https:\/\/www.germark.com\/ca\/sistemes\/capcals-etiquetadors\/","og_site_name":"Germark","article_modified_time":"2025-03-19T15:48:57+00:00","og_image":[{"width":1600,"height":900,"url":"https:\/\/www.germark.com\/wp-content\/uploads\/2025\/01\/4-5.png","type":"image\/png"}],"twitter_card":"summary_large_image","schema":{"@context":"https:\/\/schema.org","@graph":[{"@type":"WebPage","@id":"https:\/\/www.germark.com\/ca\/sistemes\/capcals-etiquetadors\/","url":"https:\/\/www.germark.com\/ca\/sistemes\/capcals-etiquetadors\/","name":"Cap\u00e7als etiquetadors - Germark","isPartOf":{"@id":"https:\/\/www.germark.com\/ca\/#website"},"primaryImageOfPage":{"@id":"https:\/\/www.germark.com\/ca\/sistemes\/capcals-etiquetadors\/#primaryimage"},"image":{"@id":"https:\/\/www.germark.com\/ca\/sistemes\/capcals-etiquetadors\/#primaryimage"},"thumbnailUrl":"https:\/\/www.germark.com\/wp-content\/uploads\/2025\/01\/4-5.png","datePublished":"2025-01-27T16:27:20+00:00","dateModified":"2025-03-19T15:48:57+00:00","breadcrumb":{"@id":"https:\/\/www.germark.com\/ca\/sistemes\/capcals-etiquetadors\/#breadcrumb"},"inLanguage":"ca","potentialAction":[{"@type":"ReadAction","target":["https:\/\/www.germark.com\/ca\/sistemes\/capcals-etiquetadors\/"]}]},{"@type":"ImageObject","inLanguage":"ca","@id":"https:\/\/www.germark.com\/ca\/sistemes\/capcals-etiquetadors\/#primaryimage","url":"https:\/\/www.germark.com\/wp-content\/uploads\/2025\/01\/4-5.png","contentUrl":"https:\/\/www.germark.com\/wp-content\/uploads\/2025\/01\/4-5.png","width":1600,"height":900},{"@type":"BreadcrumbList","@id":"https:\/\/www.germark.com\/ca\/sistemes\/capcals-etiquetadors\/#breadcrumb","itemListElement":[{"@type":"ListItem","position":1,"name":"Portada","item":"https:\/\/www.germark.com\/ca\/"},{"@type":"ListItem","position":2,"name":"Sistemes","item":"https:\/\/www.germark.com\/ca\/sistemes\/"},{"@type":"ListItem","position":3,"name":"Cap\u00e7als etiquetadors"}]},{"@type":"WebSite","@id":"https:\/\/www.germark.com\/ca\/#website","url":"https:\/\/www.germark.com\/ca\/","name":"Germark","description":"The art of labeling","publisher":{"@id":"https:\/\/www.germark.com\/ca\/#organization"},"potentialAction":[{"@type":"SearchAction","target":{"@type":"EntryPoint","urlTemplate":"https:\/\/www.germark.com\/ca\/?s={search_term_string}"},"query-input":{"@type":"PropertyValueSpecification","valueRequired":true,"valueName":"search_term_string"}}],"inLanguage":"ca"},{"@type":"Organization","@id":"https:\/\/www.germark.com\/ca\/#organization","name":"Germark","url":"https:\/\/www.germark.com\/ca\/","logo":{"@type":"ImageObject","inLanguage":"ca","@id":"https:\/\/www.germark.com\/ca\/#\/schema\/logo\/image\/","url":"https:\/\/www.germark.com\/wp-content\/uploads\/2025\/01\/admin-logo.svg","contentUrl":"https:\/\/www.germark.com\/wp-content\/uploads\/2025\/01\/admin-logo.svg","width":320,"height":84,"caption":"Germark"},"image":{"@id":"https:\/\/www.germark.com\/ca\/#\/schema\/logo\/image\/"},"sameAs":["https:\/\/www.instagram.com\/germark_labels\/","https:\/\/es.linkedin.com\/company\/germark","https:\/\/www.youtube.com\/c\/germark"]}]}},"_links":{"self":[{"href":"https:\/\/www.germark.com\/ca\/wp-json\/wp\/v2\/pages\/1020","targetHints":{"allow":["GET"]}}],"collection":[{"href":"https:\/\/www.germark.com\/ca\/wp-json\/wp\/v2\/pages"}],"about":[{"href":"https:\/\/www.germark.com\/ca\/wp-json\/wp\/v2\/types\/page"}],"author":[{"embeddable":true,"href":"https:\/\/www.germark.com\/ca\/wp-json\/wp\/v2\/users\/3"}],"replies":[{"embeddable":true,"href":"https:\/\/www.germark.com\/ca\/wp-json\/wp\/v2\/comments?post=1020"}],"version-history":[{"count":2,"href":"https:\/\/www.germark.com\/ca\/wp-json\/wp\/v2\/pages\/1020\/revisions"}],"predecessor-version":[{"id":1029,"href":"https:\/\/www.germark.com\/ca\/wp-json\/wp\/v2\/pages\/1020\/revisions\/1029"}],"up":[{"embeddable":true,"href":"https:\/\/www.germark.com\/ca\/wp-json\/wp\/v2\/pages\/1016"}],"wp:featuredmedia":[{"embeddable":true,"href":"https:\/\/www.germark.com\/ca\/wp-json\/wp\/v2\/media\/1424"}],"wp:attachment":[{"href":"https:\/\/www.germark.com\/ca\/wp-json\/wp\/v2\/media?parent=1020"}],"curies":[{"name":"wp","href":"https:\/\/api.w.org\/{rel}","templated":true}]}}